{"id":2655,"date":"2025-08-08T15:05:00","date_gmt":"2025-08-08T15:05:00","guid":{"rendered":"https:\/\/caniculapuppets.com\/?page_id=2655"},"modified":"2025-09-08T20:37:15","modified_gmt":"2025-09-08T20:37:15","slug":"shows","status":"publish","type":"page","link":"https:\/\/caniculapuppets.com\/es\/shows\/","title":{"rendered":"Espect\u00e1culos"},"content":{"rendered":"<div class=\"wp-block-uagb-container uagb-block-7154df4d alignfull uagb-is-root-container\"><div class=\"uagb-container-inner-blocks-wrap\">\n<div class=\"wp-block-uagb-advanced-heading uagb-block-c0791479\"><h1 class=\"uagb-heading-text\">Espect\u00e1culos<\/h1><\/div>\n<\/div><\/div>\n\n\n\n<div class=\"wp-block-uagb-container uagb-block-88341f62 alignfull uagb-is-root-container\"><div class=\"uagb-container-inner-blocks-wrap\">\n<div class=\"wp-block-uagb-container uagb-block-d4e09705\">\n<figure class=\"wp-block-image size-full\"><img fetchpriority=\"high\" decoding=\"async\" width=\"1924\" height=\"1260\" src=\"https:\/\/caniculapuppets.com\/wp-content\/uploads\/2025\/09\/frank.jpg\" alt=\"\" class=\"wp-image-2847\" srcset=\"https:\/\/caniculapuppets.com\/wp-content\/uploads\/2025\/09\/frank.jpg 1924w, https:\/\/caniculapuppets.com\/wp-content\/uploads\/2025\/09\/frank-300x196.jpg 300w, https:\/\/caniculapuppets.com\/wp-content\/uploads\/2025\/09\/frank-1024x671.jpg 1024w, https:\/\/caniculapuppets.com\/wp-content\/uploads\/2025\/09\/frank-768x503.jpg 768w, https:\/\/caniculapuppets.com\/wp-content\/uploads\/2025\/09\/frank-1536x1006.jpg 1536w, https:\/\/caniculapuppets.com\/wp-content\/uploads\/2025\/09\/frank-18x12.jpg 18w\" sizes=\"(max-width: 1924px) 100vw, 1924px\" \/><\/figure>\n\n\n\n<div class=\"wp-block-uagb-container uagb-block-a59aae18\">\n<h4 class=\"wp-block-heading\">Frankenstein<\/h4>\n\n\n\n<p class=\"translation-block\">Inspirada en la emblem\u00e1tica novela de Mary Shelley, \u201cFrankenstein&quot; es una dulce\nhistoria sobre Olivia Frankenstein, una ni\u00f1a curiosa que le encanta bailar y cuya vida\ncotidiana se ve interrumpida por un encuentro inesperado.\nOlivia se encuentra cara a cara con la \u00faltima creaci\u00f3n de su padre, el Dr. Frankenstein,\nun ser de aspecto peculiar el cual, por ser diferente es temido por muchos, pero no por\nella.\nEn una huida de un mundo cruel, discriminador y acosador, ser diferentes los acerca.\nAs\u00ed comienza su hermosa amistad, de la cual seremos testigos.\nEs un espect\u00e1culo de luces, sombras, m\u00fasica y silencios, que invita a ni\u00f1os y mayores a\nvivir la magia, la imaginaci\u00f3n y la dulce melancol\u00eda a trav\u00e9s de los ojos de una ni\u00f1a sin\nprejuicios y curiosa, y el noble coraz\u00f3n de una criatura extra\u00f1a y tiernamente ingenua.\nLa m\u00fasica se compuso exclusivamente para esta obra y refleja de forma po\u00e9tica las\nemociones de cada escena, dibujando la interacci\u00f3n entre los personajes.\nEsta obra no tiene palabras. Su lenguaje es el movimiento, las luces y la m\u00fasica, y lo\npodr\u00e1n disfrutar grandes y peque\u00f1os a partir de los 5 a\u00f1os.<\/p>\n<\/div>\n\n\n\n<div class=\"wp-block-uagb-container uagb-block-14ea691a\">\n<div class=\"wp-block-uagb-container uagb-block-08c2d9b4\">\n<figure class=\"wp-block-embed is-type-video is-provider-youtube wp-block-embed-youtube wp-embed-aspect-16-9 wp-has-aspect-ratio\"><div class=\"wp-block-embed__wrapper\">\n<div class=\"ast-oembed-container\" style=\"height: 100%;\"><iframe title=\"Trailer Frankenstein. Canicula puppets.\" width=\"500\" height=\"281\" src=\"https:\/\/www.youtube.com\/embed\/TAGEmUZmwx8?feature=oembed\" frameborder=\"0\" allow=\"accelerometer; autoplay; clipboard-write; encrypted-media; gyroscope; picture-in-picture; web-share\" referrerpolicy=\"strict-origin-when-cross-origin\" allowfullscreen><\/iframe><\/div>\n<\/div><\/figure>\n<\/div>\n<\/div>\n<\/div>\n\n\n\n<div class=\"wp-block-uagb-container uagb-block-a61a76f4\">\n<figure class=\"wp-block-image size-full\"><img decoding=\"async\" width=\"960\" height=\"703\" src=\"https:\/\/caniculapuppets.com\/wp-content\/uploads\/2025\/07\/44180440_1899038003483685_2245225116403236864_n-1.jpg\" alt=\"\" class=\"wp-image-2538\" srcset=\"https:\/\/caniculapuppets.com\/wp-content\/uploads\/2025\/07\/44180440_1899038003483685_2245225116403236864_n-1.jpg 960w, https:\/\/caniculapuppets.com\/wp-content\/uploads\/2025\/07\/44180440_1899038003483685_2245225116403236864_n-1-300x220.jpg 300w, https:\/\/caniculapuppets.com\/wp-content\/uploads\/2025\/07\/44180440_1899038003483685_2245225116403236864_n-1-768x562.jpg 768w\" sizes=\"(max-width: 960px) 100vw, 960px\" \/><\/figure>\n\n\n\n<div class=\"wp-block-uagb-container uagb-block-72aaab00\">\n<h4 class=\"wp-block-heading\">Amikeco<\/h4>\n\n\n\n<p>Utilizando una de las herramientas m\u00e1s singulares de las artes esc\u00e9nicas \u2014los\nt\u00edteres\u2014 Amikeco nos transporta a un mundo encantador y melanc\u00f3lico, y nos muestra\nel poder del amor y el valor de las amistades sinceras.<br><br>El nombre Amikeco proviene del esperanto, el idioma internacional m\u00e1s ampliamente\nutilizado, creado con el prop\u00f3sito de armonizar a los diferentes pueblos del mundo. En\nesta lengua \u00fanica, amikeco significa \u201camistad\u201d.<br><br>Del mismo modo que el esperanto ha buscado crear una lengua com\u00fan, compartida por todos, el amikeco utiliza otro lenguaje universal: la m\u00fasica. Intr\u00ednsecamente sin fronteras y unificadora, la m\u00fasica conecta a las personas sin importar las limitaciones de tiempo y espacio.<br><br>En Amikeco no se pronuncian palabras; es la m\u00fasica la que lidera el relato,\ntransmitiendo la trama, los personajes y las emociones. Acompa\u00f1ado por la m\u00fasica\noriginal del espect\u00e1culo, el protagonista debe superar obst\u00e1culos y confiar en la\namistad para encontrar aquello que ha estado buscando durante mucho tiempo.\nLos espectadores est\u00e1n invitados a acompa\u00f1arlo en su traves\u00eda y a celebrar junto a \u00e9l\nsus descubrimientos.<\/p>\n<\/div>\n\n\n\n<div class=\"wp-block-uagb-container uagb-block-dc92b49d\">\n<div class=\"wp-block-uagb-container uagb-block-c47259d4\">\n<figure class=\"wp-block-embed is-type-video is-provider-youtube wp-block-embed-youtube wp-embed-aspect-16-9 wp-has-aspect-ratio\"><div class=\"wp-block-embed__wrapper\">\n<div class=\"ast-oembed-container\" style=\"height: 100%;\"><iframe title=\"CANICULA PUPPETS - &quot;Amikeco&quot; Official trailer\" width=\"500\" height=\"281\" src=\"https:\/\/www.youtube.com\/embed\/B2ylBj85zFw?feature=oembed\" frameborder=\"0\" allow=\"accelerometer; autoplay; clipboard-write; encrypted-media; gyroscope; picture-in-picture; web-share\" referrerpolicy=\"strict-origin-when-cross-origin\" allowfullscreen><\/iframe><\/div>\n<\/div><\/figure>\n<\/div>\n<\/div>\n<\/div>\n\n\n\n<div class=\"wp-block-uagb-container uagb-block-765cd9cb\">\n<figure class=\"wp-block-image size-full\"><img decoding=\"async\" width=\"421\" height=\"663\" src=\"https:\/\/caniculapuppets.com\/wp-content\/uploads\/2025\/07\/70245434_10156215858861688_1681981898319986688_n-1.jpg\" alt=\"\" class=\"wp-image-2537\" srcset=\"https:\/\/caniculapuppets.com\/wp-content\/uploads\/2025\/07\/70245434_10156215858861688_1681981898319986688_n-1.jpg 421w, https:\/\/caniculapuppets.com\/wp-content\/uploads\/2025\/07\/70245434_10156215858861688_1681981898319986688_n-1-190x300.jpg 190w\" sizes=\"(max-width: 421px) 100vw, 421px\" \/><\/figure>\n\n\n\n<div class=\"wp-block-uagb-container uagb-block-27e676a2\">\n<h4 class=\"wp-block-heading\">The king&#8217;s pawns<\/h4>\n\n\n\n<p class=\"translation-block\">Las piezas del Rey &quot;\u03a4\u03b1 \u03c0\u03b9\u03cc\u03bd\u03b9\u03b1 \u03c4\u03bf\u03c5 \u03b2\u03b1\u03c3\u03b9\u03bb\u03b9\u03ac.&quot;\nChipre 2020\nEl rey de un pa\u00eds imaginario, tras un accidente, se ve obligado a caminar con muletas.\nPero como es rey y hace lo que quiere, ordena que todos sus s\u00fabditos usen tambi\u00e9n\nmuletas obligatoriamente. Con el paso de los a\u00f1os, la gente empieza a olvidar c\u00f3mo\ncaminaba antes de aquel decreto. Sin embargo, en alg\u00fan lugar, la memoria a\u00fan vive\u2026 y\nse prepara para la rebeli\u00f3n.\nLa historia de la obra es una adaptaci\u00f3n del cuento popular \u201cLas muletas\u201d, tal como fue\nrecogido por Lily Lambrelli en su recopilaci\u00f3n \u201cDiez y un cuento de sabidur\u00eda para\ntiempos de crisis y otras desgracias\u201d (ed. Patakis, 2014).\nUn show realizado con la cuentacuentos Chipriota Marina Katsar\u00eds.<\/p>\n<\/div>\n\n\n\n<div class=\"wp-block-uagb-container uagb-block-b908b364\">\n<div class=\"wp-block-uagb-container uagb-block-5ab798dc\">\n<figure class=\"wp-block-embed is-type-video is-provider-youtube wp-block-embed-youtube wp-embed-aspect-16-9 wp-has-aspect-ratio\"><div class=\"wp-block-embed__wrapper\">\n<div class=\"ast-oembed-container\" style=\"height: 100%;\"><iframe title=\"Trailer \u03a4\u03b1 \u03c0\u03b9\u03cc\u03bd\u03b9\u03b1 \u03c4\u03bf\u03c5 \u03b2\u03b1\u03c3\u03b9\u03bb\u03b9\u03ac \/ The King\u00b4s Pawns\" width=\"500\" height=\"281\" src=\"https:\/\/www.youtube.com\/embed\/B7QoOTiMjRI?feature=oembed\" frameborder=\"0\" allow=\"accelerometer; autoplay; clipboard-write; encrypted-media; gyroscope; picture-in-picture; web-share\" referrerpolicy=\"strict-origin-when-cross-origin\" allowfullscreen><\/iframe><\/div>\n<\/div><\/figure>\n<\/div>\n<\/div>\n<\/div>\n<\/div><\/div>","protected":false},"excerpt":{"rendered":"<p>Shows Frankenstein Inspired by Mary Shelley\u2019s iconic novel, \u201cFrankenstein\u201d is a sweet story aboutOlivia Frankenstein, a curious little girl who loves to dance and whose daily lifeis interrupted by an unexpected encounter.Olivia comes face to face with her father\u2019s latest creation, Dr Frankenstein, apeculiar-looking being who, because of his uncommon appearance, is feared bymany, but [&hellip;]<\/p>","protected":false},"author":1,"featured_media":0,"parent":0,"menu_order":0,"comment_status":"closed","ping_status":"closed","template":"","meta":{"_uag_custom_page_level_css":"","site-sidebar-layout":"no-sidebar","site-content-layout":"plain-container","ast-site-content-layout":"normal-width-container","site-content-style":"unboxed","site-sidebar-style":"unboxed","ast-global-header-display":"","ast-banner-title-visibility":"","ast-main-header-display":"","ast-hfb-above-header-display":"","ast-hfb-below-header-display":"","ast-hfb-mobile-header-display":"","site-post-title":"disabled","ast-breadcrumbs-content":"","ast-featured-img":"disabled","footer-sml-layout":"","theme-transparent-header-meta":"enabled","adv-header-id-meta":"","stick-header-meta":"","header-above-stick-meta":"","header-main-stick-meta":"","header-below-stick-meta":"","astra-migrate-meta-layouts":"set","ast-page-background-enabled":"default","ast-page-background-meta":{"desktop":{"background-color":"","background-image":"","background-repeat":"repeat","background-position":"center center","background-size":"auto","background-attachment":"scroll","background-type":"","background-media":"","overlay-type":"","overlay-color":"","overlay-opacity":"","overlay-gradient":""},"tablet":{"background-color":"","background-image":"","background-repeat":"repeat","background-position":"center center","background-size":"auto","background-attachment":"scroll","background-type":"","background-media":"","overlay-type":"","overlay-color":"","overlay-opacity":"","overlay-gradient":""},"mobile":{"background-color":"","background-image":"","background-repeat":"repeat","background-position":"center center","background-size":"auto","background-attachment":"scroll","background-type":"","background-media":"","overlay-type":"","overlay-color":"","overlay-opacity":"","overlay-gradient":""}},"ast-content-background-meta":{"desktop":{"background-color":"var(--ast-global-color-5)","background-image":"","background-repeat":"repeat","background-position":"center center","background-size":"auto","background-attachment":"scroll","background-type":"","background-media":"","overlay-type":"","overlay-color":"","overlay-opacity":"","overlay-gradient":""},"tablet":{"background-color":"var(--ast-global-color-5)","background-image":"","background-repeat":"repeat","background-position":"center center","background-size":"auto","background-attachment":"scroll","background-type":"","background-media":"","overlay-type":"","overlay-color":"","overlay-opacity":"","overlay-gradient":""},"mobile":{"background-color":"var(--ast-global-color-5)","background-image":"","background-repeat":"repeat","background-position":"center center","background-size":"auto","background-attachment":"scroll","background-type":"","background-media":"","overlay-type":"","overlay-color":"","overlay-opacity":"","overlay-gradient":""}},"ngg_post_thumbnail":0,"footnotes":""},"class_list":["post-2655","page","type-page","status-publish","hentry"],"aioseo_notices":[],"uagb_featured_image_src":{"full":false,"thumbnail":false,"medium":false,"medium_large":false,"large":false,"1536x1536":false,"2048x2048":false,"trp-custom-language-flag":false},"uagb_author_info":{"display_name":"solosoyyojc@gmail.com","author_link":"https:\/\/caniculapuppets.com\/es\/author\/solosoyyojcgmail-com\/"},"uagb_comment_info":0,"uagb_excerpt":"Shows Frankenstein Inspired by Mary Shelley\u2019s iconic novel, \u201cFrankenstein\u201d is a sweet story aboutOlivia Frankenstein, a curious little girl who loves to dance and whose daily lifeis interrupted by an unexpected encounter.Olivia comes face to face with her father\u2019s latest creation, Dr Frankenstein, apeculiar-looking being who, because of his uncommon appearance, is feared bymany, but&hellip;","_links":{"self":[{"href":"https:\/\/caniculapuppets.com\/es\/wp-json\/wp\/v2\/pages\/2655","targetHints":{"allow":["GET"]}}],"collection":[{"href":"https:\/\/caniculapuppets.com\/es\/wp-json\/wp\/v2\/pages"}],"about":[{"href":"https:\/\/caniculapuppets.com\/es\/wp-json\/wp\/v2\/types\/page"}],"author":[{"embeddable":true,"href":"https:\/\/caniculapuppets.com\/es\/wp-json\/wp\/v2\/users\/1"}],"replies":[{"embeddable":true,"href":"https:\/\/caniculapuppets.com\/es\/wp-json\/wp\/v2\/comments?post=2655"}],"version-history":[{"count":14,"href":"https:\/\/caniculapuppets.com\/es\/wp-json\/wp\/v2\/pages\/2655\/revisions"}],"predecessor-version":[{"id":2866,"href":"https:\/\/caniculapuppets.com\/es\/wp-json\/wp\/v2\/pages\/2655\/revisions\/2866"}],"wp:attachment":[{"href":"https:\/\/caniculapuppets.com\/es\/wp-json\/wp\/v2\/media?parent=2655"}],"curies":[{"name":"wp","href":"https:\/\/api.w.org\/{rel}","templated":true}]}}