{"id":960,"date":"2025-06-11T21:47:53","date_gmt":"2025-06-11T21:47:53","guid":{"rendered":"http:\/\/caniculapuppets.com\/home\/"},"modified":"2025-08-25T07:35:12","modified_gmt":"2025-08-25T07:35:12","slug":"home","status":"publish","type":"page","link":"https:\/\/caniculapuppets.com\/es\/","title":{"rendered":"Inicio"},"content":{"rendered":"<div class=\"wp-block-uagb-container uagb-block-b4bdb975 alignfull uagb-is-root-container\"><div class=\"uagb-container-inner-blocks-wrap\">\n<div class=\"wp-block-uagb-info-box uagb-block-3b7e0e21 uagb-infobox__content-wrap  uagb-infobox-icon-above-title uagb-infobox-image-valign-top\"><div class=\"uagb-ifb-content\"><div class=\"uagb-ifb-title-wrap\"><h5 class=\"uagb-ifb-title-prefix\">Bienvenido a  <\/h5><h1 class=\"uagb-ifb-title\">Can\u00edcula Puppets<\/h1><\/div><div class=\"uagb-ifb-button-wrapper wp-block-button\"><a href=\"https:\/\/caniculapuppets.com\/es\/about\/\" class=\"uagb-infobox-cta-link wp-block-button__link\" target=\"_self\" rel=\"noopener noreferrer\" onclick=\"return true;\"><span class=\"uagb-inline-editing\">M\u00e1s<\/span><\/a><\/div><\/div><\/div>\n\n\n      \n\t\t\t<div class=\"uagb-icon-wrapper uagb-block-62f0ec94\"\n\t\t\tstyle=\"\" >\n\t\t\t\t\t\t\t\t\t<span class=\"uagb-svg-wrapper\" \n\t\t\t\t\t aria-label=\"down-long\"\t\t\t\t\ttabindex=\"0\">\t\t\n\t\t\t\t\t\t\t\t\t\t<svg xmlns=\"https:\/\/www.w3.org\/2000\/svg\" viewbox= \"0 0 320 512\" role=\"graphics-symbol\" aria-hidden=\"false\" aria-label=\"\"><path d=\"M281.6 392.3l-104 112.1c-9.498 10.24-25.69 10.24-35.19 0l-104-112.1c-6.484-6.992-8.219-17.18-4.404-25.94c3.811-8.758 12.45-14.42 21.1-14.42H128V32c0-17.69 14.33-32 32-32S192 14.31 192 32v319.9h72c9.547 0 18.19 5.66 22 14.42C289.8 375.1 288.1 385.3 281.6 392.3z\"><\/path><\/svg>\n\t\t\t\t\t\t\t\t\t<\/span>\n\t\t\t\t\t\t\t<\/div>\n\t\t\t<\/div><\/div>\n\n\n\n<div class=\"wp-block-uagb-container uagb-block-872b8b7f alignfull uagb-is-root-container\"><div class=\"uagb-container-inner-blocks-wrap\">\n<div class=\"wp-block-uagb-info-box uagb-block-04f073f9 uagb-infobox__content-wrap  uagb-infobox-icon-above-title uagb-infobox-image-valign-top\"><div class=\"uagb-ifb-content\"><div class=\"uagb-ifb-title-wrap\"><h5 class=\"uagb-ifb-title-prefix\">Nosotros<\/h5><h2 class=\"uagb-ifb-title\">Somos una compa\u00f1\u00eda de teatro de t\u00edteres guatemalteca-chipriota fundada en 2008. <\/h2><\/div><p class=\"uagb-ifb-desc\">Con una trayectoria internacional, hemos participado en numerosos festivales en Europa y\nAm\u00e9rica Latina, consolidando una propuesta art\u00edstica que atraviesa fronteras culturales\ny geogr\u00e1ficas.<\/p><div class=\"uagb-ifb-button-wrapper wp-block-button\"><a href=\"#\" class=\"uagb-infobox-cta-link wp-block-button__link\" target=\"_self\" rel=\"noopener noreferrer\" onclick=\"return false;\"><span class=\"uagb-inline-editing\">M\u00e1s<\/span><\/a><\/div><\/div><\/div>\n<\/div><\/div>\n\n\n\n<div class=\"wp-block-uagb-container uagb-block-9c962170 alignfull uagb-is-root-container\"><div class=\"uagb-container-inner-blocks-wrap\">\n<div class=\"wp-block-uagb-container uagb-layout-grid uagb-block-f5e130be\">\n<div class=\"wp-block-uagb-info-box uagb-block-57de98ed uagb-infobox__content-wrap  uagb-infobox-icon-above-title uagb-infobox-image-valign-top wp-block-uagb-info-box--has-margin\"><div class=\"uagb-infobox-margin-wrapper\"><div class=\"uagb-ifb-content\"><div class=\"uagb-ifb-image-content\"><img loading=\"lazy\" decoding=\"async\" src=\"https:\/\/caniculapuppets.com\/wp-content\/uploads\/2025\/08\/performance.jpg\" alt=\"\" width=\"960\" height=\"684\"\/><\/div><div class=\"uagb-ifb-title-wrap\"><h4 class=\"uagb-ifb-title\"><strong>Presentaciones<\/strong>&nbsp;<\/h4><\/div><p class=\"uagb-ifb-desc\">en teatros, escuelas y festivales que nos ha permitido recorrer\nAm\u00e9rica Latina y Europa, donde hemos compartido nuestro lenguaje esc\u00e9nico\ncon p\u00fablicos diversos.<br><\/p><div class=\"uagb-ifb-button-wrapper wp-block-button\"><a href=\"https:\/\/caniculapuppets.com\/es\/shows\/\" target=\"_self\" onclick=\"return true;\" class=\"uagb-infobox-cta-link\" rel=\"noopener noreferrer\"><span class=\"uagb-inline-editing\">Read More<\/span><\/a><\/div><\/div><\/div><\/div>\n\n\n\n<div class=\"wp-block-uagb-info-box uagb-block-cf52724a uagb-infobox__content-wrap  uagb-infobox-icon-above-title uagb-infobox-image-valign-top wp-block-uagb-info-box--has-margin\"><div class=\"uagb-infobox-margin-wrapper\"><div class=\"uagb-ifb-content\"><div class=\"uagb-ifb-image-content\"><img loading=\"lazy\" decoding=\"async\" src=\"https:\/\/caniculapuppets.com\/wp-content\/uploads\/2025\/08\/2.jpg\" alt=\"\" width=\"960\" height=\"684\"\/><\/div><div class=\"uagb-ifb-title-wrap\"><h4 class=\"uagb-ifb-title\"><strong>Talleres de t\u00edteres y objetos<\/strong><\/h4><\/div><p class=\"uagb-ifb-desc\">en donde fomentamos la expresi\u00f3n art\u00edstica, el\npensamiento creativo y el aprendizaje colectivo a trav\u00e9s del juego y la\nconstrucci\u00f3n.<br><\/p><div class=\"uagb-ifb-button-wrapper wp-block-button\"><a href=\"https:\/\/caniculapuppets.com\/es\/services\/\" target=\"_self\" onclick=\"return true;\" class=\"uagb-infobox-cta-link\" rel=\"noopener noreferrer\"><span class=\"uagb-inline-editing\">Read More<\/span><\/a><\/div><\/div><\/div><\/div>\n\n\n\n<div class=\"wp-block-uagb-info-box uagb-block-d1b27190 uagb-infobox__content-wrap  uagb-infobox-icon-above-title uagb-infobox-image-valign-top wp-block-uagb-info-box--has-margin\"><div class=\"uagb-infobox-margin-wrapper\"><div class=\"uagb-ifb-content\"><div class=\"uagb-ifb-image-content\"><img loading=\"lazy\" decoding=\"async\" src=\"https:\/\/caniculapuppets.com\/wp-content\/uploads\/2025\/08\/3.jpg\" alt=\"\" width=\"960\" height=\"684\"\/><\/div><div class=\"uagb-ifb-title-wrap\"><h4 class=\"uagb-ifb-title\"><strong>Producciones Audiovisuales<\/strong><\/h4><\/div><p class=\"uagb-ifb-desc\">Hemos realizado contenido audiovisual con t\u00edteres\ntransmitidos por televisi\u00f3n e internet tanto en Chipre como en Guatemala,\nampliando el alcance del teatro de t\u00edteres a trav\u00e9s del mundo audiovisual.<br><\/p><div class=\"uagb-ifb-button-wrapper wp-block-button\"><a href=\"https:\/\/caniculapuppets.com\/es\/projects\/\" target=\"_self\" onclick=\"return true;\" class=\"uagb-infobox-cta-link\" rel=\"noopener noreferrer\"><span class=\"uagb-inline-editing\">Read More<\/span><svg xmlns=\"https:\/\/www.w3.org\/2000\/svg\" viewbox=\"0 0 512 512\"><path d=\"M504.3 273.6l-112.1 104c-6.992 6.484-17.18 8.218-25.94 4.406c-8.758-3.812-14.42-12.45-14.42-21.1L351.9 288H32C14.33 288 .0002 273.7 .0002 255.1S14.33 224 32 224h319.9l0-72c0-9.547 5.66-18.19 14.42-22c8.754-3.809 18.95-2.075 25.94 4.41l112.1 104C514.6 247.9 514.6 264.1 504.3 273.6z\"><\/path><\/svg><\/a><\/div><\/div><\/div><\/div>\n<\/div>\n<\/div><\/div>\n\n\n\n<div class=\"wp-block-uagb-info-box uagb-block-3be7783d uagb-infobox__content-wrap  uagb-infobox-icon-above-title uagb-infobox-image-valign-top\"><div class=\"uagb-ifb-content\"><div class=\"uagb-ifb-icon-wrap\"><svg xmlns=\"https:\/\/www.w3.org\/2000\/svg\" viewbox=\"0 0 512 512\"><path d=\"M320 96c8.844 0 16-7.156 16-16v-64C336 7.156 328.8 0 320 0s-16 7.156-16 16v64C304 88.84 311.2 96 320 96zM383.4 96c5.125 0 10.16-2.453 13.25-7.016l32.56-48c1.854-2.746 2.744-5.865 2.744-8.951c0-8.947-7.273-16.04-15.97-16.04c-5.125 0-10.17 2.465-13.27 7.02l-32.56 48C368.3 73.76 367.4 76.88 367.4 79.97C367.4 88.88 374.7 96 383.4 96zM384 357.5l0-163.9c0-6.016-4.672-33.69-32-33.69c-17.69 0-32.07 14.33-32.07 31.1L320 268.1L169.2 117.3C164.5 112.6 158.3 110.3 152.2 110.3c-13.71 0-24 11.21-24 24c0 6.141 2.344 12.28 7.031 16.97l89.3 89.3C227.4 243.4 228.9 247.2 228.9 251c0 3.8-1.45 7.6-4.349 10.5c-2.899 2.899-6.7 4.349-10.5 4.349c-3.8 0-7.6-1.45-10.5-4.349l-107.6-107.6C91.22 149.2 85.08 146.9 78.94 146.9c-13.71 0-24 11.21-24 24c0 6.141 2.344 12.28 7.031 16.97l107.6 107.6C172.5 298.4 173.9 302.2 173.9 305.1c0 3.8-1.45 7.6-4.349 10.5c-2.899 2.9-6.7 4.349-10.5 4.349c-3.8 0-7.6-1.45-10.5-4.349L59.28 227.2C54.59 222.5 48.45 220.1 42.31 220.1c-13.71 0-24 11.21-24 24c0 6.141 2.344 12.28 7.031 16.97l89.3 89.3c2.9 2.899 4.349 6.7 4.349 10.5c0 3.8-1.45 7.6-4.349 10.5c-2.899 2.899-6.7 4.349-10.5 4.349c-3.8 0-7.6-1.45-10.5-4.349L40.97 318.7C36.28 314 30.14 311.7 24 311.7c-13.71 0-23.99 11.26-23.99 24.05c0 6.141 2.332 12.23 7.02 16.92C112.6 458.2 151.3 512 232.3 512C318.1 512 384 440.9 384 357.5zM243.3 88.98C246.4 93.55 251.4 96 256.6 96c8.762 0 15.99-7.117 15.99-16.03c0-3.088-.8906-6.205-2.744-8.951l-32.56-48C234.2 18.46 229.1 15.98 223.1 15.98c-8.664 0-15.98 7.074-15.98 16.05c0 3.086 .8906 6.205 2.744 8.951L243.3 88.98zM480 160c-17.69 0-32 14.33-32 32v76.14l-32-32v121.4c0 94.01-63.31 141.5-78.32 152.2C345.1 510.9 352.6 512 360.3 512C446.1 512 512 440.9 512 357.5l-.0625-165.6C511.9 174.3 497.7 160 480 160z\"><\/path><\/svg><\/div><div class=\"uagb-ifb-title-wrap\"><h3 class=\"uagb-ifb-title\">Creemos que...<\/h3><\/div><p class=\"uagb-ifb-desc\">el arte es un ancla que nos mantiene conectados con nuestra condici\u00f3n humana en medio de las m\u00faltiples distracciones del mundo moderno.\n\nEn una \u00e9poca en la que la tecnolog\u00eda permea todos los aspectos de la vida, incluso el\narte, nuestro trabajo busca preservar y promover la belleza en su sentido m\u00e1s esencial.\nPartimos de la convicci\u00f3n de que la belleza \u2014 la belleza como ideal\u2014 tiene el poder de\ntransformar el mundo.<br><br><\/p><\/div><\/div>","protected":false},"excerpt":{"rendered":"","protected":false},"author":1,"featured_media":0,"parent":0,"menu_order":0,"comment_status":"closed","ping_status":"closed","template":"","meta":{"_uag_custom_page_level_css":"","site-sidebar-layout":"no-sidebar","site-content-layout":"plain-container","ast-site-content-layout":"normal-width-container","site-content-style":"unboxed","site-sidebar-style":"unboxed","ast-global-header-display":"","ast-banner-title-visibility":"","ast-main-header-display":"","ast-hfb-above-header-display":"","ast-hfb-below-header-display":"","ast-hfb-mobile-header-display":"","site-post-title":"disabled","ast-breadcrumbs-content":"","ast-featured-img":"disabled","footer-sml-layout":"","theme-transparent-header-meta":"enabled","adv-header-id-meta":"","stick-header-meta":"","header-above-stick-meta":"","header-main-stick-meta":"","header-below-stick-meta":"","astra-migrate-meta-layouts":"set","ast-page-background-enabled":"default","ast-page-background-meta":{"desktop":{"background-color":"","background-image":"","background-repeat":"repeat","background-position":"center center","background-size":"auto","background-attachment":"scroll","background-type":"","background-media":"","overlay-type":"","overlay-color":"","overlay-opacity":"","overlay-gradient":""},"tablet":{"background-color":"","background-image":"","background-repeat":"repeat","background-position":"center center","background-size":"auto","background-attachment":"scroll","background-type":"","background-media":"","overlay-type":"","overlay-color":"","overlay-opacity":"","overlay-gradient":""},"mobile":{"background-color":"","background-image":"","background-repeat":"repeat","background-position":"center center","background-size":"auto","background-attachment":"scroll","background-type":"","background-media":"","overlay-type":"","overlay-color":"","overlay-opacity":"","overlay-gradient":""}},"ast-content-background-meta":{"desktop":{"background-color":"var(--ast-global-color-5)","background-image":"","background-repeat":"repeat","background-position":"center center","background-size":"auto","background-attachment":"scroll","background-type":"","background-media":"","overlay-type":"","overlay-color":"","overlay-opacity":"","overlay-gradient":""},"tablet":{"background-color":"var(--ast-global-color-5)","background-image":"","background-repeat":"repeat","background-position":"center center","background-size":"auto","background-attachment":"scroll","background-type":"","background-media":"","overlay-type":"","overlay-color":"","overlay-opacity":"","overlay-gradient":""},"mobile":{"background-color":"var(--ast-global-color-5)","background-image":"","background-repeat":"repeat","background-position":"center center","background-size":"auto","background-attachment":"scroll","background-type":"","background-media":"","overlay-type":"","overlay-color":"","overlay-opacity":"","overlay-gradient":""}},"ngg_post_thumbnail":0,"footnotes":""},"class_list":["post-960","page","type-page","status-publish","hentry"],"aioseo_notices":[],"uagb_featured_image_src":{"full":false,"thumbnail":false,"medium":false,"medium_large":false,"large":false,"1536x1536":false,"2048x2048":false,"trp-custom-language-flag":false},"uagb_author_info":{"display_name":"solosoyyojc@gmail.com","author_link":"https:\/\/caniculapuppets.com\/es\/author\/solosoyyojcgmail-com\/"},"uagb_comment_info":0,"uagb_excerpt":null,"_links":{"self":[{"href":"https:\/\/caniculapuppets.com\/es\/wp-json\/wp\/v2\/pages\/960","targetHints":{"allow":["GET"]}}],"collection":[{"href":"https:\/\/caniculapuppets.com\/es\/wp-json\/wp\/v2\/pages"}],"about":[{"href":"https:\/\/caniculapuppets.com\/es\/wp-json\/wp\/v2\/types\/page"}],"author":[{"embeddable":true,"href":"https:\/\/caniculapuppets.com\/es\/wp-json\/wp\/v2\/users\/1"}],"replies":[{"embeddable":true,"href":"https:\/\/caniculapuppets.com\/es\/wp-json\/wp\/v2\/comments?post=960"}],"version-history":[{"count":31,"href":"https:\/\/caniculapuppets.com\/es\/wp-json\/wp\/v2\/pages\/960\/revisions"}],"predecessor-version":[{"id":2716,"href":"https:\/\/caniculapuppets.com\/es\/wp-json\/wp\/v2\/pages\/960\/revisions\/2716"}],"wp:attachment":[{"href":"https:\/\/caniculapuppets.com\/es\/wp-json\/wp\/v2\/media?parent=960"}],"curies":[{"name":"wp","href":"https:\/\/api.w.org\/{rel}","templated":true}]}}