{"id":962,"date":"2025-06-11T21:47:53","date_gmt":"2025-06-11T21:47:53","guid":{"rendered":"http:\/\/caniculapuppets.com\/about\/"},"modified":"2025-09-02T06:02:40","modified_gmt":"2025-09-02T06:02:40","slug":"about","status":"publish","type":"page","link":"https:\/\/caniculapuppets.com\/es\/about\/","title":{"rendered":"About"},"content":{"rendered":"<div class=\"wp-block-uagb-container uagb-block-d6924da0 alignfull uagb-is-root-container\"><div class=\"uagb-container-inner-blocks-wrap\">\n<div class=\"wp-block-uagb-advanced-heading uagb-block-efa76908\"><h1 class=\"uagb-heading-text\">Nosotros<\/h1><\/div>\n<\/div><\/div>\n\n\n\n<div class=\"wp-block-uagb-container uagb-block-a7569388 alignfull uagb-is-root-container\"><div class=\"uagb-container-inner-blocks-wrap\">\n<div class=\"wp-block-uagb-container uagb-block-81afabb5\">\n<figure class=\"wp-block-image size-large\"><img fetchpriority=\"high\" decoding=\"async\" width=\"683\" height=\"1024\" src=\"https:\/\/caniculapuppets.com\/wp-content\/uploads\/2025\/07\/59853789_2174119805975502_4849403215491366912_n-683x1024.jpg\" alt=\"\" class=\"wp-image-2468\" srcset=\"https:\/\/caniculapuppets.com\/wp-content\/uploads\/2025\/07\/59853789_2174119805975502_4849403215491366912_n-683x1024.jpg 683w, https:\/\/caniculapuppets.com\/wp-content\/uploads\/2025\/07\/59853789_2174119805975502_4849403215491366912_n-200x300.jpg 200w, https:\/\/caniculapuppets.com\/wp-content\/uploads\/2025\/07\/59853789_2174119805975502_4849403215491366912_n-768x1152.jpg 768w, https:\/\/caniculapuppets.com\/wp-content\/uploads\/2025\/07\/59853789_2174119805975502_4849403215491366912_n-1024x1536.jpg 1024w, https:\/\/caniculapuppets.com\/wp-content\/uploads\/2025\/07\/59853789_2174119805975502_4849403215491366912_n.jpg 1365w\" sizes=\"(max-width: 683px) 100vw, 683px\" \/><\/figure>\n<\/div>\n\n\n\n<div class=\"wp-block-uagb-container uagb-block-5870f40f\">\n<h2 class=\"wp-block-heading\">Somos una compa\u00f1\u00eda de teatro de t\u00edteres guatemalteca-chipriota fundada en 2008.<\/h2>\n\n\n\n<h3 class=\"wp-block-heading translation-block\">Con\nuna trayectoria internacional, hemos participado en numerosos festivales en Europa y\nAm\u00e9rica Latina, consolidando una propuesta art\u00edstica que atraviesa fronteras culturales\ny geogr\u00e1ficas.<br><br>\n\nNuestro trabajo se sustenta en tres pilares fundamentales:<br><br>\n\n-Presentaciones en teatros, escuelas y festivales que nos ha permitido recorrer\nAm\u00e9rica Latina y Europa, donde hemos compartido nuestro lenguaje esc\u00e9nico\ncon p\u00fablicos diversos.<br><br>\n\n-Talleres de t\u00edteres y objetos, en donde fomentamos la expresi\u00f3n art\u00edstica, el\npensamiento creativo y el aprendizaje colectivo a trav\u00e9s del juego y la\nconstrucci\u00f3n.<br><br>\n\n-Producciones audiovisuales, Hemos realizado contenido audiovisual con t\u00edteres\ntransmitidos por televisi\u00f3n e internet tanto en Chipre como en Guatemala,\nampliando el alcance del teatro de t\u00edteres a trav\u00e9s del mundo audiovisual.<br><br>\nCreemos que el arte es un ancla que nos mantiene conectados con nuestra condici\u00f3n\nhumana en medio de las m\u00faltiples distracciones del mundo moderno.\nEn una \u00e9poca en la que la tecnolog\u00eda permea todos los aspectos de la vida, incluso el\narte, nuestro trabajo busca preservar y promover la belleza en su sentido m\u00e1s esencial.\nPartimos de la convicci\u00f3n de que la belleza \u2014 la belleza como ideal\u2014 tiene el poder de\ntransformar el mundo.<br><br>\nEn 2017, nos mudamos a Europa, estableci\u00e9ndonos en Chipre. Desde 2023, nuestra\nnueva sede se encuentra en Estrasburgo, Francia.<\/h3>\n\n\n\n<p><\/p>\n<\/div>\n<\/div><\/div>\n\n\n\n<p><\/p>","protected":false},"excerpt":{"rendered":"<p>About Us We are a Guatemalan-Cypriot puppet theater company founded in 2008&#8230; &#8230;with a long international experience. We have participated in numerous festivals across Europe and Latin America, consolidating an artistic vision that transcends cultural and geographical boundaries. Our work is built upon three main pillars: \u2022 Performances in theatres, schools, and festivals, which have [&hellip;]<\/p>","protected":false},"author":1,"featured_media":0,"parent":0,"menu_order":0,"comment_status":"closed","ping_status":"closed","template":"","meta":{"_uag_custom_page_level_css":"","site-sidebar-layout":"no-sidebar","site-content-layout":"plain-container","ast-site-content-layout":"normal-width-container","site-content-style":"unboxed","site-sidebar-style":"unboxed","ast-global-header-display":"","ast-banner-title-visibility":"","ast-main-header-display":"","ast-hfb-above-header-display":"","ast-hfb-below-header-display":"","ast-hfb-mobile-header-display":"","site-post-title":"disabled","ast-breadcrumbs-content":"","ast-featured-img":"disabled","footer-sml-layout":"","theme-transparent-header-meta":"enabled","adv-header-id-meta":"","stick-header-meta":"","header-above-stick-meta":"","header-main-stick-meta":"","header-below-stick-meta":"","astra-migrate-meta-layouts":"set","ast-page-background-enabled":"default","ast-page-background-meta":{"desktop":{"background-color":"","background-image":"","background-repeat":"repeat","background-position":"center center","background-size":"auto","background-attachment":"scroll","background-type":"","background-media":"","overlay-type":"","overlay-color":"","overlay-opacity":"","overlay-gradient":""},"tablet":{"background-color":"","background-image":"","background-repeat":"repeat","background-position":"center center","background-size":"auto","background-attachment":"scroll","background-type":"","background-media":"","overlay-type":"","overlay-color":"","overlay-opacity":"","overlay-gradient":""},"mobile":{"background-color":"","background-image":"","background-repeat":"repeat","background-position":"center center","background-size":"auto","background-attachment":"scroll","background-type":"","background-media":"","overlay-type":"","overlay-color":"","overlay-opacity":"","overlay-gradient":""}},"ast-content-background-meta":{"desktop":{"background-color":"var(--ast-global-color-5)","background-image":"","background-repeat":"repeat","background-position":"center center","background-size":"auto","background-attachment":"scroll","background-type":"","background-media":"","overlay-type":"","overlay-color":"","overlay-opacity":"","overlay-gradient":""},"tablet":{"background-color":"var(--ast-global-color-5)","background-image":"","background-repeat":"repeat","background-position":"center center","background-size":"auto","background-attachment":"scroll","background-type":"","background-media":"","overlay-type":"","overlay-color":"","overlay-opacity":"","overlay-gradient":""},"mobile":{"background-color":"var(--ast-global-color-5)","background-image":"","background-repeat":"repeat","background-position":"center center","background-size":"auto","background-attachment":"scroll","background-type":"","background-media":"","overlay-type":"","overlay-color":"","overlay-opacity":"","overlay-gradient":""}},"ngg_post_thumbnail":0,"footnotes":""},"class_list":["post-962","page","type-page","status-publish","hentry"],"aioseo_notices":[],"uagb_featured_image_src":{"full":false,"thumbnail":false,"medium":false,"medium_large":false,"large":false,"1536x1536":false,"2048x2048":false,"trp-custom-language-flag":false},"uagb_author_info":{"display_name":"solosoyyojc@gmail.com","author_link":"https:\/\/caniculapuppets.com\/es\/author\/solosoyyojcgmail-com\/"},"uagb_comment_info":0,"uagb_excerpt":"About Us We are a Guatemalan-Cypriot puppet theater company founded in 2008&#8230; &#8230;with a long international experience. We have participated in numerous festivals across Europe and Latin America, consolidating an artistic vision that transcends cultural and geographical boundaries. Our work is built upon three main pillars: \u2022 Performances in theatres, schools, and festivals, which have&hellip;","_links":{"self":[{"href":"https:\/\/caniculapuppets.com\/es\/wp-json\/wp\/v2\/pages\/962","targetHints":{"allow":["GET"]}}],"collection":[{"href":"https:\/\/caniculapuppets.com\/es\/wp-json\/wp\/v2\/pages"}],"about":[{"href":"https:\/\/caniculapuppets.com\/es\/wp-json\/wp\/v2\/types\/page"}],"author":[{"embeddable":true,"href":"https:\/\/caniculapuppets.com\/es\/wp-json\/wp\/v2\/users\/1"}],"replies":[{"embeddable":true,"href":"https:\/\/caniculapuppets.com\/es\/wp-json\/wp\/v2\/comments?post=962"}],"version-history":[{"count":15,"href":"https:\/\/caniculapuppets.com\/es\/wp-json\/wp\/v2\/pages\/962\/revisions"}],"predecessor-version":[{"id":2852,"href":"https:\/\/caniculapuppets.com\/es\/wp-json\/wp\/v2\/pages\/962\/revisions\/2852"}],"wp:attachment":[{"href":"https:\/\/caniculapuppets.com\/es\/wp-json\/wp\/v2\/media?parent=962"}],"curies":[{"name":"wp","href":"https:\/\/api.w.org\/{rel}","templated":true}]}}