{"id":964,"date":"2025-06-11T21:47:53","date_gmt":"2025-06-11T21:47:53","guid":{"rendered":"http:\/\/caniculapuppets.com\/services\/"},"modified":"2025-09-05T14:59:00","modified_gmt":"2025-09-05T14:59:00","slug":"services","status":"publish","type":"page","link":"https:\/\/caniculapuppets.com\/es\/services\/","title":{"rendered":"Services"},"content":{"rendered":"<div class=\"wp-block-uagb-container uagb-block-c54c600d alignfull uagb-is-root-container\"><div class=\"uagb-container-inner-blocks-wrap\">\n<header class=\"wp-block-uagb-advanced-heading uagb-block-8b796fc7\"><h1 class=\"uagb-heading-text\">Talleres<\/h1><\/header>\n\n\n\n<div class=\"wp-block-uagb-container uagb-block-ec5ea96d\"><\/div>\n<\/div><\/div>\n\n\n\n<div class=\"wp-block-uagb-container uagb-block-4b342a6c alignfull uagb-is-root-container\"><div class=\"uagb-container-inner-blocks-wrap\">\n<div class=\"wp-block-uagb-container uagb-block-a7cb7af4\">\n<div class=\"wp-block-uagb-container uagb-block-1f858ab4\">\n<h2 class=\"wp-block-heading\"><strong>Talleres<\/strong><\/h2>\n\n\n\n<p class=\"translation-block\">En Can\u00edcula Puppets hemos desarrollado una serie de talleres dirigidos a ni\u00f1os y adultos, basados en nuestros a\u00f1os de experiencia en el arte del t\u00edtere. <br> <br> Nuestro objetivo es compartir conocimientos y ofrecer herramientas pr\u00e1cticas para contar historias y estimular la creatividad de manera l\u00fadica y divertida.<\/p>\n\n\n\n<p><br><\/p>\n<\/div>\n\n\n\n<div class=\"wp-block-uagb-container uagb-block-5cff6aaa\">\n<p class=\"translation-block\">Ofrecemos talleres de creaci\u00f3n de t\u00edteres utilizando diversas t\u00e9cnicas y materiales, as\u00ed como espacios de formaci\u00f3n en producci\u00f3n de contenido para televisi\u00f3n y redes sociales. <br> <br> Adem\u00e1s, incorporamos la t\u00e9cnica de stop motion como una v\u00eda de expresi\u00f3n art\u00edstica y desarrollo del pensamiento narrativo, tanto en ni\u00f1os como en adultos y docentes.<\/p>\n<\/div>\n<\/div>\n\n\n\n<div class=\"wp-block-uagb-container uagb-block-9acade39 alignfull uagb-is-root-container\"><div class=\"uagb-container-inner-blocks-wrap\">\n<div class=\"wp-block-uagb-container uagb-block-5b476ed1\">\n<div class=\"wp-block-uagb-image uagb-block-fc89ad85 wp-block-uagb-image--layout-default wp-block-uagb-image--effect-static wp-block-uagb-image--align-none\"><figure class=\"wp-block-uagb-image__figure\"><img loading=\"lazy\" decoding=\"async\" srcset=\"https:\/\/caniculapuppets.com\/wp-content\/uploads\/2025\/08\/workshop_1-1024x1024.jpg ,https:\/\/caniculapuppets.com\/wp-content\/uploads\/2025\/08\/workshop_1.jpg 780w, https:\/\/caniculapuppets.com\/wp-content\/uploads\/2025\/08\/workshop_1.jpg 360w\" sizes=\"auto, (max-width: 480px) 150px\" src=\"https:\/\/caniculapuppets.com\/wp-content\/uploads\/2025\/08\/workshop_1-1024x1024.jpg\" alt=\"\" class=\"uag-image-2825\" width=\"1024\" height=\"1024\" title=\"workshop_1\" role=\"img\"\/><\/figure><\/div>\n<\/div>\n\n\n\n<div class=\"wp-block-uagb-container uagb-block-4347c178\">\n<div class=\"wp-block-uagb-image uagb-block-fad0cce7 wp-block-uagb-image--layout-default wp-block-uagb-image--effect-static wp-block-uagb-image--align-none\"><figure class=\"wp-block-uagb-image__figure\"><img loading=\"lazy\" decoding=\"async\" srcset=\"https:\/\/caniculapuppets.com\/wp-content\/uploads\/2025\/08\/workshop_2-1024x1024.jpg ,https:\/\/caniculapuppets.com\/wp-content\/uploads\/2025\/08\/workshop_2.jpg 780w, https:\/\/caniculapuppets.com\/wp-content\/uploads\/2025\/08\/workshop_2.jpg 360w\" sizes=\"auto, (max-width: 480px) 150px\" src=\"https:\/\/caniculapuppets.com\/wp-content\/uploads\/2025\/08\/workshop_2-1024x1024.jpg\" alt=\"\" class=\"uag-image-2826\" width=\"1024\" height=\"1024\" title=\"workshop_2\" role=\"img\"\/><\/figure><\/div>\n<\/div>\n<\/div><\/div>\n<\/div><\/div>\n\n\n\n<p><\/p>","protected":false},"excerpt":{"rendered":"<p>Workshop Puppet Workshops: In Can\u00edcula Puppets, based on our long experience in the art of puppetry, we have developed a series of workshops for children and adults. Our goal is to share our expertise and provide practical tools for storytelling, while sparking creativity in a playful and engaging way. We offer puppet-making workshops using a [&hellip;]<\/p>","protected":false},"author":1,"featured_media":0,"parent":0,"menu_order":0,"comment_status":"closed","ping_status":"closed","template":"","meta":{"_uag_custom_page_level_css":"","site-sidebar-layout":"no-sidebar","site-content-layout":"plain-container","ast-site-content-layout":"normal-width-container","site-content-style":"unboxed","site-sidebar-style":"unboxed","ast-global-header-display":"","ast-banner-title-visibility":"","ast-main-header-display":"","ast-hfb-above-header-display":"","ast-hfb-below-header-display":"","ast-hfb-mobile-header-display":"","site-post-title":"disabled","ast-breadcrumbs-content":"","ast-featured-img":"disabled","footer-sml-layout":"","theme-transparent-header-meta":"enabled","adv-header-id-meta":"","stick-header-meta":"","header-above-stick-meta":"","header-main-stick-meta":"","header-below-stick-meta":"","astra-migrate-meta-layouts":"set","ast-page-background-enabled":"default","ast-page-background-meta":{"desktop":{"background-color":"","background-image":"","background-repeat":"repeat","background-position":"center center","background-size":"auto","background-attachment":"scroll","background-type":"","background-media":"","overlay-type":"","overlay-color":"","overlay-opacity":"","overlay-gradient":""},"tablet":{"background-color":"","background-image":"","background-repeat":"repeat","background-position":"center center","background-size":"auto","background-attachment":"scroll","background-type":"","background-media":"","overlay-type":"","overlay-color":"","overlay-opacity":"","overlay-gradient":""},"mobile":{"background-color":"","background-image":"","background-repeat":"repeat","background-position":"center center","background-size":"auto","background-attachment":"scroll","background-type":"","background-media":"","overlay-type":"","overlay-color":"","overlay-opacity":"","overlay-gradient":""}},"ast-content-background-meta":{"desktop":{"background-color":"var(--ast-global-color-5)","background-image":"","background-repeat":"repeat","background-position":"center center","background-size":"auto","background-attachment":"scroll","background-type":"","background-media":"","overlay-type":"","overlay-color":"","overlay-opacity":"","overlay-gradient":""},"tablet":{"background-color":"var(--ast-global-color-5)","background-image":"","background-repeat":"repeat","background-position":"center center","background-size":"auto","background-attachment":"scroll","background-type":"","background-media":"","overlay-type":"","overlay-color":"","overlay-opacity":"","overlay-gradient":""},"mobile":{"background-color":"var(--ast-global-color-5)","background-image":"","background-repeat":"repeat","background-position":"center center","background-size":"auto","background-attachment":"scroll","background-type":"","background-media":"","overlay-type":"","overlay-color":"","overlay-opacity":"","overlay-gradient":""}},"ngg_post_thumbnail":0,"footnotes":""},"class_list":["post-964","page","type-page","status-publish","hentry"],"aioseo_notices":[],"uagb_featured_image_src":{"full":false,"thumbnail":false,"medium":false,"medium_large":false,"large":false,"1536x1536":false,"2048x2048":false,"trp-custom-language-flag":false},"uagb_author_info":{"display_name":"solosoyyojc@gmail.com","author_link":"https:\/\/caniculapuppets.com\/es\/author\/solosoyyojcgmail-com\/"},"uagb_comment_info":0,"uagb_excerpt":"Workshop Puppet Workshops: In Can\u00edcula Puppets, based on our long experience in the art of puppetry, we have developed a series of workshops for children and adults. Our goal is to share our expertise and provide practical tools for storytelling, while sparking creativity in a playful and engaging way. We offer puppet-making workshops using a&hellip;","_links":{"self":[{"href":"https:\/\/caniculapuppets.com\/es\/wp-json\/wp\/v2\/pages\/964","targetHints":{"allow":["GET"]}}],"collection":[{"href":"https:\/\/caniculapuppets.com\/es\/wp-json\/wp\/v2\/pages"}],"about":[{"href":"https:\/\/caniculapuppets.com\/es\/wp-json\/wp\/v2\/types\/page"}],"author":[{"embeddable":true,"href":"https:\/\/caniculapuppets.com\/es\/wp-json\/wp\/v2\/users\/1"}],"replies":[{"embeddable":true,"href":"https:\/\/caniculapuppets.com\/es\/wp-json\/wp\/v2\/comments?post=964"}],"version-history":[{"count":23,"href":"https:\/\/caniculapuppets.com\/es\/wp-json\/wp\/v2\/pages\/964\/revisions"}],"predecessor-version":[{"id":2861,"href":"https:\/\/caniculapuppets.com\/es\/wp-json\/wp\/v2\/pages\/964\/revisions\/2861"}],"wp:attachment":[{"href":"https:\/\/caniculapuppets.com\/es\/wp-json\/wp\/v2\/media?parent=964"}],"curies":[{"name":"wp","href":"https:\/\/api.w.org\/{rel}","templated":true}]}}