{"id":966,"date":"2025-06-11T21:47:53","date_gmt":"2025-06-11T21:47:53","guid":{"rendered":"http:\/\/caniculapuppets.com\/projects\/"},"modified":"2025-08-31T20:29:16","modified_gmt":"2025-08-31T20:29:16","slug":"projects","status":"publish","type":"page","link":"https:\/\/caniculapuppets.com\/es\/projects\/","title":{"rendered":"AUDIOVISUAL"},"content":{"rendered":"<div class=\"wp-block-uagb-container uagb-block-7154df4d alignfull uagb-is-root-container\"><div class=\"uagb-container-inner-blocks-wrap\">\n<div class=\"wp-block-uagb-advanced-heading uagb-block-c0791479\"><h1 class=\"uagb-heading-text\">AUDIOVISUAL<\/h1><\/div>\n<\/div><\/div>\n\n\n\n<blockquote class=\"wp-block-quote is-layout-flow wp-block-quote-is-layout-flow\">\n<p class=\"has-text-align-center translation-block\">Una de las bases fundamentales \u2014y tambi\u00e9n una de las que m\u00e1s disfrutamos\u2014 de nuestro trabajo es la creaci\u00f3n de contenido audiovisual, un espacio donde los mu\u00f1ecos cobran vida para narrar historias que emocionan, entretienen y generan conexiones\ngenuinas con p\u00fablicos de todas las edades.<br><br>\nA lo largo de nuestro recorrido, hemos desarrollado cortometrajes, campa\u00f1as publicitarias y programas de televisi\u00f3n, explorando al m\u00e1ximo la versatilidad y el poder expresivo de los mu\u00f1ecos como protagonistas. <br><br>Nuestra propuesta art\u00edstica se distingue por su capacidad de generar empat\u00eda a trav\u00e9s de relatos entra\u00f1ables y creativos, donde\ncada personaje, aunque de tela o espuma, transmite emociones humanas con sorprendente autenticidad.\nEl auge de las plataformas digitales ha sido clave para la expansi\u00f3n de nuestro proyecto:\nnos ha permitido cruzar fronteras geogr\u00e1ficas y culturales, alcanzando nuevas audiencias y ampliando nuestro impacto en el panorama audiovisual contempor\u00e1neo.<br><br>\nEsta proyecci\u00f3n global no solo ha enriquecido nuestro trabajo, sino que tambi\u00e9n ha\ncontribuido a revalorizar el arte del mu\u00f1eco como un medio narrativo poderoso, vigente\ny lleno de posibilidades.<\/p>\n<\/blockquote>\n\n\n\n<div class=\"wp-block-uagb-container uagb-block-3b6cfb8b alignfull uagb-is-root-container\"><div class=\"uagb-container-inner-blocks-wrap\">\n<figure class=\"wp-block-embed is-type-video is-provider-youtube wp-block-embed-youtube wp-embed-aspect-16-9 wp-has-aspect-ratio\"><div class=\"wp-block-embed__wrapper\">\n<div class=\"ast-oembed-container\" style=\"height: 100%;\"><iframe title=\"CANICULA PUPPETS - Puppets to the screen\" width=\"500\" height=\"281\" src=\"https:\/\/www.youtube.com\/embed\/zxF_gUXVzf8?feature=oembed\" frameborder=\"0\" allow=\"accelerometer; autoplay; clipboard-write; encrypted-media; gyroscope; picture-in-picture; web-share\" referrerpolicy=\"strict-origin-when-cross-origin\" allowfullscreen><\/iframe><\/div>\n<\/div><\/figure>\n<\/div><\/div>","protected":false},"excerpt":{"rendered":"<p>AUDIOVISUAL One of the fundamental pillars of our work \u2014 and also one of the aspects we enjoy themost \u2014 is the creation of audiovisual content, a space where puppets come to life to tellstories that move, entertain, and create genuine connections with audiences of all ages. Throughout our journey, we have produced short films, [&hellip;]<\/p>","protected":false},"author":1,"featured_media":0,"parent":0,"menu_order":0,"comment_status":"closed","ping_status":"closed","template":"","meta":{"_uag_custom_page_level_css":"","site-sidebar-layout":"no-sidebar","site-content-layout":"plain-container","ast-site-content-layout":"normal-width-container","site-content-style":"unboxed","site-sidebar-style":"unboxed","ast-global-header-display":"","ast-banner-title-visibility":"","ast-main-header-display":"","ast-hfb-above-header-display":"","ast-hfb-below-header-display":"","ast-hfb-mobile-header-display":"","site-post-title":"disabled","ast-breadcrumbs-content":"","ast-featured-img":"disabled","footer-sml-layout":"","theme-transparent-header-meta":"enabled","adv-header-id-meta":"","stick-header-meta":"","header-above-stick-meta":"","header-main-stick-meta":"","header-below-stick-meta":"","astra-migrate-meta-layouts":"set","ast-page-background-enabled":"default","ast-page-background-meta":{"desktop":{"background-color":"","background-image":"","background-repeat":"repeat","background-position":"center center","background-size":"auto","background-attachment":"scroll","background-type":"","background-media":"","overlay-type":"","overlay-color":"","overlay-opacity":"","overlay-gradient":""},"tablet":{"background-color":"","background-image":"","background-repeat":"repeat","background-position":"center center","background-size":"auto","background-attachment":"scroll","background-type":"","background-media":"","overlay-type":"","overlay-color":"","overlay-opacity":"","overlay-gradient":""},"mobile":{"background-color":"","background-image":"","background-repeat":"repeat","background-position":"center center","background-size":"auto","background-attachment":"scroll","background-type":"","background-media":"","overlay-type":"","overlay-color":"","overlay-opacity":"","overlay-gradient":""}},"ast-content-background-meta":{"desktop":{"background-color":"var(--ast-global-color-5)","background-image":"","background-repeat":"repeat","background-position":"center center","background-size":"auto","background-attachment":"scroll","background-type":"","background-media":"","overlay-type":"","overlay-color":"","overlay-opacity":"","overlay-gradient":""},"tablet":{"background-color":"var(--ast-global-color-5)","background-image":"","background-repeat":"repeat","background-position":"center center","background-size":"auto","background-attachment":"scroll","background-type":"","background-media":"","overlay-type":"","overlay-color":"","overlay-opacity":"","overlay-gradient":""},"mobile":{"background-color":"var(--ast-global-color-5)","background-image":"","background-repeat":"repeat","background-position":"center center","background-size":"auto","background-attachment":"scroll","background-type":"","background-media":"","overlay-type":"","overlay-color":"","overlay-opacity":"","overlay-gradient":""}},"ngg_post_thumbnail":0,"footnotes":""},"class_list":["post-966","page","type-page","status-publish","hentry"],"aioseo_notices":[],"uagb_featured_image_src":{"full":false,"thumbnail":false,"medium":false,"medium_large":false,"large":false,"1536x1536":false,"2048x2048":false,"trp-custom-language-flag":false},"uagb_author_info":{"display_name":"solosoyyojc@gmail.com","author_link":"https:\/\/caniculapuppets.com\/es\/author\/solosoyyojcgmail-com\/"},"uagb_comment_info":0,"uagb_excerpt":"AUDIOVISUAL One of the fundamental pillars of our work \u2014 and also one of the aspects we enjoy themost \u2014 is the creation of audiovisual content, a space where puppets come to life to tellstories that move, entertain, and create genuine connections with audiences of all ages. Throughout our journey, we have produced short films,&hellip;","_links":{"self":[{"href":"https:\/\/caniculapuppets.com\/es\/wp-json\/wp\/v2\/pages\/966","targetHints":{"allow":["GET"]}}],"collection":[{"href":"https:\/\/caniculapuppets.com\/es\/wp-json\/wp\/v2\/pages"}],"about":[{"href":"https:\/\/caniculapuppets.com\/es\/wp-json\/wp\/v2\/types\/page"}],"author":[{"embeddable":true,"href":"https:\/\/caniculapuppets.com\/es\/wp-json\/wp\/v2\/users\/1"}],"replies":[{"embeddable":true,"href":"https:\/\/caniculapuppets.com\/es\/wp-json\/wp\/v2\/comments?post=966"}],"version-history":[{"count":16,"href":"https:\/\/caniculapuppets.com\/es\/wp-json\/wp\/v2\/pages\/966\/revisions"}],"predecessor-version":[{"id":2829,"href":"https:\/\/caniculapuppets.com\/es\/wp-json\/wp\/v2\/pages\/966\/revisions\/2829"}],"wp:attachment":[{"href":"https:\/\/caniculapuppets.com\/es\/wp-json\/wp\/v2\/media?parent=966"}],"curies":[{"name":"wp","href":"https:\/\/api.w.org\/{rel}","templated":true}]}}